{"id":3,"date":"2018-08-21T06:38:04","date_gmt":"2018-08-21T06:38:04","guid":{"rendered":"http:\/\/kroener-online.de\/?page_id=3"},"modified":"2018-11-21T10:43:04","modified_gmt":"2018-11-21T09:43:04","slug":"privacy-policy","status":"publish","type":"page","link":"https:\/\/kroener-online.de\/?page_id=3","title":{"rendered":"Privacy Policy"},"content":{"rendered":"<h1>Wer ich bin<\/h1>\n<p>Dieses ist eine reine private Website von Volker Kroener. Die Adresse ist: https:\/\/kroener-online.de.<\/p>\n<h1>Welche personenbezogenen Daten\u00a0ich sammle und warum\u00a0ich sie sammle<\/h1>\n<p><strong>Kommentare<\/strong><\/p>\n<p>Wenn Besucher Kommentare auf der Website schreiben, sammle\u00a0ich die Daten, die im Kommentar-Formular angezeigt werden, au\u00dferdem die IP-Adresse des Besuchers und den User-Agent-String (damit wird der Browser identifiziert), um die Erkennung von Spam zu unterst\u00fctzen.<\/p>\n<p>Aus deiner E-Mail-Adresse kann eine anonymisierte Zeichenfolge erstellt (auch Hash genannt) und dem Gravatar-Dienst \u00fcbergeben werden, um zu pr\u00fcfen, ob\u00a0Sie diesen ben\u00fctzen. Die Datenschutzerkl\u00e4rung des Gravatar-Dienstes finden\u00a0Sie hier: https:\/\/automattic.com\/privacy\/. Nachdem dein Kommentar freigegeben wurde, ist dein Profilbild \u00f6ffentlich im Kontext deines Kommentars sichtbar.<\/p>\n<p><strong>Medien<\/strong><\/p>\n<p>Wenn\u00a0Sie ein registrierter Benutzer\u00a0sind und Fotos auf diese Website l\u00e4dst, sollten Sie vermeiden, Fotos mit einem EXIF-GPS-Standort hochzuladen. Besucher dieser Website k\u00f6nnten Fotos, die auf dieser Website gespeichert sind, herunterladen und deren Standort-Informationen extrahieren.<\/p>\n<p><strong>Kontaktformulare<\/strong><\/p>\n<p>Wenn Besucher\u00a0in das Kontaktformular\u00a0auf der Website schreiben, sammeln wir die Daten, die im Kontakt-Formular angezeigt werden, au\u00dferdem die IP-Adresse des Besuchers und den User-Agent-String (damit wird der Browser identifiziert), um die Erkennung von Spam zu unterst\u00fctzen.<\/p>\n<p><strong>Cookies<\/strong><\/p>\n<p>Wenn\u00a0Sie einen Kommentar auf\u00a0meine Website schreibst, kann das eine Einwilligung sein, deinen Namen, E-Mail-Adresse und Website in Cookies zu speichern. Dies ist eine Komfortfunktion, damit\u00a0Sie nicht, wenn\u00a0Sie einen weiteren Kommentar schreibst, all diese Daten erneut eingeben musst. Diese Cookies werden ein Jahr lang gespeichert. Falls\u00a0Sie ein Konto hast und dich auf dieser Website anmeldest, werden wir ein tempor\u00e4res Cookie setzen, um festzustellen, ob dein Browser Cookies akzeptiert. Dieses Cookie enth\u00e4lt keine personenbezogenen Daten und wird verworfen, wenn\u00a0Sie\u00a0Ihren Browser schlie\u00dfen.<\/p>\n<p>Wenn\u00a0Sie sich anmelden, werden wir einige Cookies einrichten, um deine Anmeldeinformationen und Anzeigeoptionen zu speichern. Anmelde-Cookies verfallen nach zwei Tagen und Cookies f\u00fcr die Anzeigeoptionen nach einem Jahr. Falls\u00a0Sie bei der Anmeldung \u201eAngemeldet bleiben\u201c ausw\u00e4hlen, wird\u00a0Ihre Anmeldung zwei Wochen lang aufrechterhalten. Mit der Abmeldung aus\u00a0Ihrem Konto werden die Anmelde-Cookies gel\u00f6scht.<\/p>\n<p>Wenn\u00a0Sie einen Artikel bearbeiten oder ver\u00f6ffentlichen, wird ein zus\u00e4tzlicher Cookie in\u00a0Ihrem Browser gespeichert. Dieser Cookie enth\u00e4lt keine personenbezogenen Daten und verweist nur auf die Beitrags-ID des Artikels, den\u00a0Sie gerade bearbeitet haben. Der Cookie verf\u00e4llt nach einem Tag.<\/p>\n<p><strong>Eingebettete Inhalte von anderen Websites<\/strong><\/p>\n<p>Beitr\u00e4ge auf dieser Website k\u00f6nnen eingebettete Inhalte beinhalten (z.\u00a0B. Videos, Bilder, Beitr\u00e4ge etc.). Eingebettete Inhalte von anderen Websites verhalten sich exakt so, als ob der Besucher die andere Website besucht h\u00e4tte. Diese Websites k\u00f6nnen Daten \u00fcber\u00a0Sie sammeln, Cookies benutzen, zus\u00e4tzliche Tracking-Dienste von Dritten einbetten und\u00a0Ihre Interaktion mit diesem eingebetteten Inhalt aufzeichnen, inklusive\u00a0Ihrer Interaktion mit dem eingebetteten Inhalt, falls\u00a0Sie ein Konto haben und auf dieser Website angemeldet sind.<\/p>\n<p><strong>Analysedienste<\/strong><\/p>\n<p>Wir verwenden auf unserer Webseite &#8222;Jetpack&#8220; (ehemals &#8222;WordPress.com-Stats&#8220;), einen Webanalysedienst der Automattic Inc., 60\u200929\u2009th Street #343, San Francisco, CA 94110\u20134929, USA (nachfolgend bezeichnet als: &#8222;Automattic&#8220;). Jetpack verwendet unter anderem Cookies, also kleine Textdateien, die lokal im Zwischenspeicher Ihres Webbrowsers auf Ihrem Endger\u00e4t gespeichert werden und die eine Analyse der Benutzung unserer Webseite durch Sie erm\u00f6glichen. Die so erhobenen Informationen werden auf einem Server in den USA gespeichert. Unsere Webseite verwendet Jetpack mit einer Erweiterung, durch die IP-Adressen direkt nach ihrer Erhebung gek\u00fcrzt weiterverarbeitet werden, um so eine Personenbeziehbarkeit auszuschlie\u00dfen.<\/p>\n<p>Wir verwenden Jetpack zu Marketing- und Optimierungszwecken, insbesondere um die Nutzung unserer Website analysieren und um einzelne Funktionen und Angebote sowie das Nutzungserlebnis fortlaufend verbessern zu k\u00f6nnen. Durch die statistische Auswertung des Nutzerverhaltens k\u00f6nnen wir unser Angebot verbessern und f\u00fcr Sie als Nutzer interessanter ausgestalten. Weiterhin nutzen wir Jetpack f\u00fcr Ma\u00dfnahmen zum Schutze der Sicherheit der Webseite, etwa um Angriffe oder Viren zu erkennen. Hierin liegt auch unser berechtigtes Interesse an der Verarbeitung der vorstehenden Daten durch den Drittanbieter. Rechtsgrundlage ist Art. 6 Abs. 1 S. 1 lit. f) DSGVO.<\/p>\n<p>Die Auswertung k\u00f6nnen Sie verhindern, indem Sie vorhandene Cookies l\u00f6schen und eine Speicherung von Cookies in den Einstellungen Ihres Webbrowsers deaktivieren. Wir weisen darauf hin, dass Sie in diesem Fall m\u00f6glicherweise nicht alle Funktionen dieser Webseite vollumf\u00e4nglich nutzen k\u00f6nnen. Die Verhinderung der Speicherung von Cookies ist auch dadurch m\u00f6glich, dass Sie den Button \u201eClick here to Opt-out\u201c unter <a href=\"http:\/\/www.quantcast.com\/opt-out\">http:\/\/www.quantcast.com\/opt-out<\/a> anklicken.<\/p>\n<p>Automattic hat sich\u00a0dem zwischen der Europ\u00e4ischen Union und den USA geschlossenen Privacy-Shield-Abkommen unterworfen und sich zertifiziert. Dadurch verpflichtet sich Automattic, die Standards und Vorschriften des europ\u00e4ischen Datenschutzrechts einzuhalten. N\u00e4here Informationen k\u00f6nnen Sie dem nachfolgend verlinkten Eintrag entnehmen: <a href=\"https:\/\/www.privacyshield.gov\/participant?id=a2zt0000000CbqcAAC&amp;status=Active\">https:\/\/www.privacyshield.gov\/participant?id=a2zt0000000CbqcAAC&amp;status=Active<\/a><\/p>\n<p>Informationen des Drittanbieters: Automattic Inc., 60\u200929\u2009th Street #343, San Francisco, CA 94110\u20134929, USA. Weitere Informationen des Drittanbieters zum Datenschutz k\u00f6nnen Sie der nachfolgenden Webseite von Automattic entnehmen: <a href=\"https:\/\/automattic.com\/privacy\">https:\/\/automattic.com\/privacy<\/a><\/p>\n<p>Informationen des Drittanbieters der Trackingtechnologie: Quantcast Inc., 201\u20093\u2009rd St, Floor 2, San Francisco, CA 94103\u20133153, USA. Weitere Informationen des Drittanbieters der Trackingtechnologie zum Datenschutz k\u00f6nnen Sie der nachfolgenden Webseite entnehmen: <a href=\"https:\/\/www.quantcast.com\/privacy\">https:\/\/www.quantcast.com\/privacy<\/a><\/p>\n<p>Weiterhin wird als Analysedienst wird Statify verwendet. Es werden folgende Daten erhoben<\/p>\n<ul>\n<li>die Besucher gez\u00e4hlt<\/li>\n<li>erfasst, wo die Besucher herkommen<\/li>\n<li>es wird angezeigt, welche Inhaltsseiten wie oft aufgerufen werden<\/li>\n<\/ul>\n<p><strong>Mit wem\u00a0ich deine Daten teile<\/strong><\/p>\n<p>Standardm\u00e4\u00dfig teile\u00a0ich keine Daten mit Dritten<\/p>\n<p><strong>Wie lange ich Daten speichere<\/strong><\/p>\n<p>Wenn\u00a0Sie einen Kommentar schreiben, wird dieser inklusive Metadaten zeitlich unbegrenzt gespeichert. Auf diese Art k\u00f6nnen wir Folgekommentare automatisch erkennen und freigeben, anstelle sie in einer Moderations-Warteschlange festzuhalten. F\u00fcr Benutzer, die sich auf unserer Website registrieren, speichern wir zus\u00e4tzlich die pers\u00f6nlichen Informationen, die sie in ihren Benutzerprofilen angeben. Alle Benutzer k\u00f6nnen jederzeit ihre pers\u00f6nlichen Informationen einsehen, ver\u00e4ndern oder l\u00f6schen (der Benutzername kann nicht ver\u00e4ndert werden). Administratoren der Website k\u00f6nnen diese Informationen ebenfalls einsehen und ver\u00e4ndern.<\/p>\n<p><strong>Welche Rechte\u00a0Sie an\u00a0Ihren Daten hast<\/strong><\/p>\n<p>Wenn\u00a0Sie ein Konto auf dieser Website besitzt oder Kommentare geschrieben hast, k\u00f6nnen Sie\u00a0einen Export deiner personenbezogenen Daten bei\u00a0mir anfordern, inklusive aller Daten, die\u00a0Sie\u00a0mir mitgeteilt haben. Dar\u00fcber hinaus k\u00f6nnen\u00a0Sie die L\u00f6schung aller personenbezogenen Daten, die wir von\u00a0Ihnen gespeichert haben, anfordern. Dies umfasst nicht die Daten, die wir aufgrund administrativer, rechtlicher oder sicherheitsrelevanter Notwendigkeiten aufbewahren m\u00fcssen.<\/p>\n<p><strong>Wohin\u00a0ich\u00a0Ihre Daten sende<\/strong><\/p>\n<p>Besucher-Kommentare k\u00f6nnten von einem automatisierten Dienst zur Spam-Erkennung untersucht werden.<\/p>\n<p><strong>Kontakt-Informationen<\/strong><\/p>\n<p>Bitten verwenden Sie bei Anfragen das <a href=\"https:\/\/www.https:\/\/https:\/\/kroener-online.de\/kontakt\/\">Kontaktformular<\/a>. Ich werde mich entsprechen zur\u00fcckmelden.<\/p>\n<p>&nbsp;<\/p>\n","protected":false},"excerpt":{"rendered":"<p>Wer ich bin Dieses ist eine reine private Website von Volker Kroener. Die Adresse ist: https:\/\/kroener-online.de. Welche personenbezogenen Daten\u00a0ich sammle und warum\u00a0ich sie sammle Kommentare Wenn Besucher Kommentare auf der Website schreiben, sammle\u00a0ich die Daten, die im Kommentar-Formular angezeigt werden, au\u00dferdem die IP-Adresse des Besuchers und den User-Agent-String (damit wird der Browser identifiziert), um die &hellip; <\/p>\n<p class=\"link-more\"><a href=\"https:\/\/kroener-online.de\/?page_id=3\" class=\"more-link\"><span class=\"screen-reader-text\">\u201ePrivacy Policy\u201c<\/span> weiterlesen<\/a><\/p>\n","protected":false},"author":1,"featured_media":0,"parent":0,"menu_order":0,"comment_status":"closed","ping_status":"open","template":"","meta":{"advanced_seo_description":"","jetpack_seo_html_title":"","jetpack_seo_noindex":false,"jetpack_post_was_ever_published":false,"footnotes":""},"class_list":["post-3","page","type-page","status-publish","hentry"],"jetpack_sharing_enabled":true,"jetpack_shortlink":"https:\/\/wp.me\/Pac17Y-3","jetpack-related-posts":[{"id":12,"url":"https:\/\/kroener-online.de\/?page_id=12","url_meta":{"origin":3,"position":0},"title":"\u00dcber mich","author":"volker.kroener","date":"21. August 2018","format":false,"excerpt":"Als Leiter einer Konzern-IT-Abteilung arbeite ich in einem gro\u00dfen Sozialunternehmen mit Hauptsitz in M\u00fcnchen. Weitere berufliche Informationen erhalten Sie bei Xing oder Linkedin","rel":"","context":"\u00c4hnlicher Beitrag","block_context":{"text":"\u00c4hnlicher Beitrag","link":""},"img":{"alt_text":"","src":"","width":0,"height":0},"classes":[]}],"jetpack_likes_enabled":true,"_links":{"self":[{"href":"https:\/\/kroener-online.de\/index.php?rest_route=\/wp\/v2\/pages\/3","targetHints":{"allow":["GET"]}}],"collection":[{"href":"https:\/\/kroener-online.de\/index.php?rest_route=\/wp\/v2\/pages"}],"about":[{"href":"https:\/\/kroener-online.de\/index.php?rest_route=\/wp\/v2\/types\/page"}],"author":[{"embeddable":true,"href":"https:\/\/kroener-online.de\/index.php?rest_route=\/wp\/v2\/users\/1"}],"replies":[{"embeddable":true,"href":"https:\/\/kroener-online.de\/index.php?rest_route=%2Fwp%2Fv2%2Fcomments&post=3"}],"version-history":[{"count":6,"href":"https:\/\/kroener-online.de\/index.php?rest_route=\/wp\/v2\/pages\/3\/revisions"}],"predecessor-version":[{"id":462,"href":"https:\/\/kroener-online.de\/index.php?rest_route=\/wp\/v2\/pages\/3\/revisions\/462"}],"wp:attachment":[{"href":"https:\/\/kroener-online.de\/index.php?rest_route=%2Fwp%2Fv2%2Fmedia&parent=3"}],"curies":[{"name":"wp","href":"https:\/\/api.w.org\/{rel}","templated":true}]}}