{"id":12,"date":"2018-08-21T09:07:55","date_gmt":"2018-08-21T07:07:55","guid":{"rendered":"http:\/\/kroener-online.de\/?page_id=12"},"modified":"2018-08-21T15:40:33","modified_gmt":"2018-08-21T13:40:33","slug":"ueber-mich","status":"publish","type":"page","link":"https:\/\/kroener-online.de\/?page_id=12","title":{"rendered":"\u00dcber mich"},"content":{"rendered":"<p>Als Leiter einer Konzern-IT-Abteilung arbeite ich in einem gro\u00dfen Sozialunternehmen mit Hauptsitz in M\u00fcnchen. Weitere berufliche Informationen erhalten Sie bei <a href=\"https:\/\/www.xing.com\/profile\/Volker_Kroener\" target=\"_blank\" rel=\"noopener\">Xing<\/a> oder <a href=\"https:\/\/www.linkedin.com\/in\/volker-kroener-83141258\" target=\"_blank\" rel=\"noopener\">Linkedin<\/a><\/p>\n","protected":false},"excerpt":{"rendered":"<p>Als Leiter einer Konzern-IT-Abteilung arbeite ich in einem gro\u00dfen Sozialunternehmen mit Hauptsitz in M\u00fcnchen. Weitere berufliche Informationen erhalten Sie bei Xing oder Linkedin<\/p>\n","protected":false},"author":1,"featured_media":0,"parent":0,"menu_order":0,"comment_status":"closed","ping_status":"closed","template":"","meta":{"advanced_seo_description":"","jetpack_seo_html_title":"","jetpack_seo_noindex":false,"jetpack_post_was_ever_published":false,"footnotes":""},"class_list":["post-12","page","type-page","status-publish","hentry"],"jetpack_sharing_enabled":true,"jetpack_shortlink":"https:\/\/wp.me\/Pac17Y-c","jetpack-related-posts":[],"jetpack_likes_enabled":true,"_links":{"self":[{"href":"https:\/\/kroener-online.de\/index.php?rest_route=\/wp\/v2\/pages\/12","targetHints":{"allow":["GET"]}}],"collection":[{"href":"https:\/\/kroener-online.de\/index.php?rest_route=\/wp\/v2\/pages"}],"about":[{"href":"https:\/\/kroener-online.de\/index.php?rest_route=\/wp\/v2\/types\/page"}],"author":[{"embeddable":true,"href":"https:\/\/kroener-online.de\/index.php?rest_route=\/wp\/v2\/users\/1"}],"replies":[{"embeddable":true,"href":"https:\/\/kroener-online.de\/index.php?rest_route=%2Fwp%2Fv2%2Fcomments&post=12"}],"version-history":[{"count":4,"href":"https:\/\/kroener-online.de\/index.php?rest_route=\/wp\/v2\/pages\/12\/revisions"}],"predecessor-version":[{"id":240,"href":"https:\/\/kroener-online.de\/index.php?rest_route=\/wp\/v2\/pages\/12\/revisions\/240"}],"wp:attachment":[{"href":"https:\/\/kroener-online.de\/index.php?rest_route=%2Fwp%2Fv2%2Fmedia&parent=12"}],"curies":[{"name":"wp","href":"https:\/\/api.w.org\/{rel}","templated":true}]}}